{"id":2232,"date":"2025-05-09T18:24:47","date_gmt":"2025-05-09T17:24:47","guid":{"rendered":"https:\/\/argilloalbero.com\/?page_id=2232"},"modified":"2025-05-21T20:44:45","modified_gmt":"2025-05-21T19:44:45","slug":"konfigurator","status":"publish","type":"page","link":"https:\/\/argilloalbero.com\/en\/konfigurator\/","title":{"rendered":"Konfigurator"},"content":{"rendered":"<div data-elementor-type=\"wp-page\" data-elementor-id=\"2232\" class=\"elementor elementor-2232\" data-elementor-post-type=\"page\">\n\t\t\t\t<div class=\"elementor-element elementor-element-6e9f5a6 e-flex e-con-boxed e-con e-parent\" data-id=\"6e9f5a6\" data-element_type=\"container\">\n\t\t\t\t\t<div class=\"e-con-inner\">\n\t\t\t\t<div class=\"elementor-element elementor-element-b08f449 elementor-widget elementor-widget-heading\" data-id=\"b08f449\" data-element_type=\"widget\" data-widget_type=\"heading.default\">\n\t\t\t\t<div class=\"elementor-widget-container\">\n\t\t\t\t\t<h2 class=\"elementor-heading-title elementor-size-default\">CONFIGURE<br>\nYOUR HOME<\/h2>\t\t\t\t<\/div>\n\t\t\t\t<\/div>\n\t\t\t\t<div class=\"elementor-element elementor-element-5550f32 elementor-widget elementor-widget-text-editor\" data-id=\"5550f32\" data-element_type=\"widget\" data-widget_type=\"text-editor.default\">\n\t\t\t\t<div class=\"elementor-widget-container\">\n\t\t\t\t\t\t\t\t\t<p>In less than a minute, you will customize your home by <br \/>answering 5 simple questions.<br \/><br \/>Based on them, we will give you <br \/>a personalized offer.<\/p>\t\t\t\t\t\t\t\t<\/div>\n\t\t\t\t<\/div>\n\t\t\t\t\t<\/div>\n\t\t\t\t<\/div>\n\t\t<div class=\"elementor-element elementor-element-4ffee71 e-flex e-con-boxed e-con e-parent\" data-id=\"4ffee71\" data-element_type=\"container\">\n\t\t\t\t\t<div class=\"e-con-inner\">\n\t\t\t\t<div class=\"elementor-element elementor-element-9c5612f elementor-widget elementor-widget-heading\" data-id=\"9c5612f\" data-element_type=\"widget\" data-widget_type=\"heading.default\">\n\t\t\t\t<div class=\"elementor-widget-container\">\n\t\t\t\t\t<h2 class=\"elementor-heading-title elementor-size-default\">1. STEP<br>\nCHOOSE APARTMENT TYPE<\/h2>\t\t\t\t<\/div>\n\t\t\t\t<\/div>\n\t\t\t\t<div class=\"elementor-element elementor-element-e7b3fb2 elementor-widget elementor-widget-text-editor\" data-id=\"e7b3fb2\" data-element_type=\"widget\" data-widget_type=\"text-editor.default\">\n\t\t\t\t<div class=\"elementor-widget-container\">\n\t\t\t\t\t\t\t\t\t<p>Type A is more compact and courtyard-oriented<br \/>while Type B is on the street and <br \/>suitable for larger families.<\/p>\t\t\t\t\t\t\t\t<\/div>\n\t\t\t\t<\/div>\n\t\t\t\t\t<\/div>\n\t\t\t\t<\/div>\n\t\t<div class=\"elementor-element elementor-element-9f59115 konfforma e-flex e-con-boxed e-con e-parent\" data-id=\"9f59115\" data-element_type=\"container\">\n\t\t\t\t\t<div class=\"e-con-inner\">\n\t\t\t\t<div class=\"elementor-element elementor-element-c49bc71 elementor-widget elementor-widget-shortcode\" data-id=\"c49bc71\" data-element_type=\"widget\" data-widget_type=\"shortcode.default\">\n\t\t\t\t<div class=\"elementor-widget-container\">\n\t\t\t\t\t\t\t<div class=\"elementor-shortcode\">\n<div class=\"wpcf7 no-js\" id=\"wpcf7-f2238-o1\" lang=\"sr-RS\" dir=\"ltr\" data-wpcf7-id=\"2238\">\n<div class=\"screen-reader-response\"><p role=\"status\" aria-live=\"polite\" aria-atomic=\"true\"><\/p> <ul><\/ul><\/div>\n<form action=\"\/en\/wp-json\/wp\/v2\/pages\/2232#wpcf7-f2238-o1\" method=\"post\" class=\"wpcf7-form init\" aria-label=\"Contact form\" novalidate=\"novalidate\" data-status=\"init\" data-trp-original-action=\"\/en\/wp-json\/wp\/v2\/pages\/2232#wpcf7-f2238-o1\">\n<fieldset class=\"hidden-fields-container\"><input type=\"hidden\" name=\"_wpcf7\" value=\"2238\" \/><input type=\"hidden\" name=\"_wpcf7_version\" value=\"6.1.2\" \/><input type=\"hidden\" name=\"_wpcf7_locale\" value=\"sr_RS\" \/><input type=\"hidden\" name=\"_wpcf7_unit_tag\" value=\"wpcf7-f2238-o1\" \/><input type=\"hidden\" name=\"_wpcf7_container_post\" value=\"0\" \/><input type=\"hidden\" name=\"_wpcf7_posted_data_hash\" value=\"\" \/><input type=\"hidden\" name=\"_wpcf7cf_hidden_group_fields\" value=\"[]\" \/><input type=\"hidden\" name=\"_wpcf7cf_hidden_groups\" value=\"[]\" \/><input type=\"hidden\" name=\"_wpcf7cf_visible_groups\" value=\"[]\" \/><input type=\"hidden\" name=\"_wpcf7cf_repeaters\" value=\"[]\" \/><input type=\"hidden\" name=\"_wpcf7cf_steps\" value=\"{}\" \/><input type=\"hidden\" name=\"_wpcf7cf_options\" value=\"{&quot;form_id&quot;:2238,&quot;conditions&quot;:[{&quot;then_field&quot;:&quot;group-860&quot;,&quot;and_rules&quot;:[{&quot;if_field&quot;:&quot;korak1&quot;,&quot;operator&quot;:&quot;is empty&quot;,&quot;if_value&quot;:&quot;&quot;}]},{&quot;then_field&quot;:&quot;group-860&quot;,&quot;and_rules&quot;:[{&quot;if_field&quot;:&quot;korak1&quot;,&quot;operator&quot;:&quot;equals&quot;,&quot;if_value&quot;:&quot;Stan tipa A&quot;}]},{&quot;then_field&quot;:&quot;group-430&quot;,&quot;and_rules&quot;:[{&quot;if_field&quot;:&quot;korak1&quot;,&quot;operator&quot;:&quot;equals&quot;,&quot;if_value&quot;:&quot;Stan tipa B&quot;}]}],&quot;settings&quot;:{&quot;animation&quot;:&quot;yes&quot;,&quot;animation_intime&quot;:200,&quot;animation_outtime&quot;:200,&quot;conditions_ui&quot;:&quot;normal&quot;,&quot;notice_dismissed&quot;:false}}\" \/>\n<\/fieldset>\n<div class=\"cf7-step\" id=\"step1\" data-step=\"1\">\n\t<p><span class=\"wpcf7-form-control-wrap\" data-name=\"korak1\"><span class=\"wpcf7-form-control wpcf7-radio step1\"><span class=\"wpcf7-list-item first\"><label><input type=\"radio\" name=\"korak1\" value=\"Stan tipa A\" \/><span class=\"wpcf7-list-item-label\">Type A apartment<\/span><\/label><\/span><span class=\"wpcf7-list-item last\"><label><input type=\"radio\" name=\"korak1\" value=\"Stan tipa B\" \/><span class=\"wpcf7-list-item-label\">Type B apartment<\/span><\/label><\/span><\/span><\/span>\n\t<\/p>\n<\/div>\n<div class=\"cf7-step\" id=\"step2\" data-step=\"2\">\n\t<div class=\"auto-next\">\n\t\t<div data-id=\"group-860\" data-orig_data_id=\"group-860\" data-clear_on_hide class=\"\" data-class=\"wpcf7cf_group\">\n\t\t\t<p>\t\t<div data-elementor-type=\"container\" data-elementor-id=\"2271\" class=\"elementor elementor-2271\" data-elementor-post-type=\"elementor_library\">\n\t\t\t\t<div class=\"elementor-element elementor-element-6d81d2ae e-flex e-con-boxed e-con e-parent\" data-id=\"6d81d2ae\" data-element_type=\"container\">\n\t\t\t\t\t<div class=\"e-con-inner\">\n\t\t\t\t<div class=\"elementor-element elementor-element-73a9bbf3 elementor-widget elementor-widget-heading\" data-id=\"73a9bbf3\" data-element_type=\"widget\" data-widget_type=\"heading.default\">\n\t\t\t\t<div class=\"elementor-widget-container\">\n\t\t\t\t\t<h2 class=\"elementor-heading-title elementor-size-default\">2. STEP<br>\nDETERMINE THE STRUCTURE<\/h2>\t\t\t\t<\/div>\n\t\t\t\t<\/div>\n\t\t\t\t<div class=\"elementor-element elementor-element-f45e755 elementor-widget elementor-widget-text-editor\" data-id=\"f45e755\" data-element_type=\"widget\" data-widget_type=\"text-editor.default\">\n\t\t\t\t<div class=\"elementor-widget-container\">\n\t\t\t\t\t\t\t\t\t<p>1A with one children's bedroom and one master bedroom,<br \/>2A with children's, work and master bedroom or<br \/>3A with two comfortable bedrooms.<\/p>\t\t\t\t\t\t\t\t<\/div>\n\t\t\t\t<\/div>\n\t\t\t\t\t<\/div>\n\t\t\t\t<\/div>\n\t\t\t\t<\/div>\n\t\t<br \/>\n<span class=\"wpcf7-form-control-wrap\" data-name=\"korak2a\"><span class=\"wpcf7-form-control wpcf7-radio\"><span class=\"wpcf7-list-item first\"><label><input type=\"radio\" name=\"korak2a\" value=\"1A\" \/><span class=\"wpcf7-list-item-label\">1A<\/span><\/label><\/span><span class=\"wpcf7-list-item\"><label><input type=\"radio\" name=\"korak2a\" value=\"2A\" \/><span class=\"wpcf7-list-item-label\">2A<\/span><\/label><\/span><span class=\"wpcf7-list-item last\"><label><input type=\"radio\" name=\"korak2a\" value=\"3A\" \/><span class=\"wpcf7-list-item-label\">3A<\/span><\/label><\/span><\/span><\/span>\n\t\t\t<\/p>\n\t\t<\/div>\n\t\t<div data-id=\"group-430\" data-orig_data_id=\"group-430\" data-clear_on_hide class=\"\" data-class=\"wpcf7cf_group\">\n\t\t\t<p>\t\t<div data-elementor-type=\"container\" data-elementor-id=\"2274\" class=\"elementor elementor-2274\" data-elementor-post-type=\"elementor_library\">\n\t\t\t\t<div class=\"elementor-element elementor-element-52a9b96c e-flex e-con-boxed e-con e-parent\" data-id=\"52a9b96c\" data-element_type=\"container\">\n\t\t\t\t\t<div class=\"e-con-inner\">\n\t\t\t\t<div class=\"elementor-element elementor-element-4fb4ccf2 elementor-widget elementor-widget-heading\" data-id=\"4fb4ccf2\" data-element_type=\"widget\" data-widget_type=\"heading.default\">\n\t\t\t\t<div class=\"elementor-widget-container\">\n\t\t\t\t\t<h2 class=\"elementor-heading-title elementor-size-default\">2. STEP<br>\nDETERMINE THE STRUCTURE<\/h2>\t\t\t\t<\/div>\n\t\t\t\t<\/div>\n\t\t\t\t<div class=\"elementor-element elementor-element-327272e5 elementor-widget elementor-widget-text-editor\" data-id=\"327272e5\" data-element_type=\"widget\" data-widget_type=\"text-editor.default\">\n\t\t\t\t<div class=\"elementor-widget-container\">\n\t\t\t\t\t\t\t\t\t<p>1B with one child and one bedroom,<br \/>2B with child, work and bedroom or<br \/>3B with two bedrooms.<\/p>\t\t\t\t\t\t\t\t<\/div>\n\t\t\t\t<\/div>\n\t\t\t\t\t<\/div>\n\t\t\t\t<\/div>\n\t\t\t\t<\/div>\n\t\t<br \/>\n<span class=\"wpcf7-form-control-wrap\" data-name=\"korak2b\"><span class=\"wpcf7-form-control wpcf7-radio\"><span class=\"wpcf7-list-item first\"><label><input type=\"radio\" name=\"korak2b\" value=\"1B\" \/><span class=\"wpcf7-list-item-label\">1B<\/span><\/label><\/span><span class=\"wpcf7-list-item\"><label><input type=\"radio\" name=\"korak2b\" value=\"2B\" \/><span class=\"wpcf7-list-item-label\">2B<\/span><\/label><\/span><span class=\"wpcf7-list-item last\"><label><input type=\"radio\" name=\"korak2b\" value=\"3B\" \/><span class=\"wpcf7-list-item-label\">3B<\/span><\/label><\/span><\/span><\/span>\n\t\t\t<\/p>\n\t\t<\/div>\n\t<\/div>\n<\/div>\n<div class=\"cf7-step\" data-step=\"3\">\n\t<p>\t\t<div data-elementor-type=\"container\" data-elementor-id=\"2277\" class=\"elementor elementor-2277\" data-elementor-post-type=\"elementor_library\">\n\t\t\t\t<div class=\"elementor-element elementor-element-7aa81f84 e-flex e-con-boxed e-con e-parent\" data-id=\"7aa81f84\" data-element_type=\"container\">\n\t\t\t\t\t<div class=\"e-con-inner\">\n\t\t\t\t<div class=\"elementor-element elementor-element-4d30803 elementor-widget elementor-widget-heading\" data-id=\"4d30803\" data-element_type=\"widget\" data-widget_type=\"heading.default\">\n\t\t\t\t<div class=\"elementor-widget-container\">\n\t\t\t\t\t<h2 class=\"elementor-heading-title elementor-size-default\">3. STEP<br>\nINTERIOR DESIGN<\/h2>\t\t\t\t<\/div>\n\t\t\t\t<\/div>\n\t\t\t\t<div class=\"elementor-element elementor-element-1159669c elementor-widget elementor-widget-text-editor\" data-id=\"1159669c\" data-element_type=\"widget\" data-widget_type=\"text-editor.default\">\n\t\t\t\t<div class=\"elementor-widget-container\">\n\t\t\t\t\t\t\t\t\t<p>Do you want simple minimalism, <br \/>are you a fan of retro style or<br \/>do you prefer eclecticism?<\/p>\t\t\t\t\t\t\t\t<\/div>\n\t\t\t\t<\/div>\n\t\t\t\t\t<\/div>\n\t\t\t\t<\/div>\n\t\t\t\t<\/div>\n\t\t<br \/>\n<span class=\"wpcf7-form-control-wrap\" data-name=\"korak3\"><span class=\"wpcf7-form-control wpcf7-radio step3 auto-next\"><span class=\"wpcf7-list-item first\"><label><input type=\"radio\" name=\"korak3\" value=\"Minimalizam\" \/><span class=\"wpcf7-list-item-label\">Minimalism<\/span><\/label><\/span><span class=\"wpcf7-list-item\"><label><input type=\"radio\" name=\"korak3\" value=\"Retro\" \/><span class=\"wpcf7-list-item-label\">Retro<\/span><\/label><\/span><span class=\"wpcf7-list-item last\"><label><input type=\"radio\" name=\"korak3\" value=\"Eklekticizam\" \/><span class=\"wpcf7-list-item-label\">Eclecticism<\/span><\/label><\/span><\/span><\/span>\n\t<\/p>\n<\/div>\n<div class=\"cf7-step\" data-step=\"4\">\n\t<p>\t\t<div data-elementor-type=\"container\" data-elementor-id=\"2280\" class=\"elementor elementor-2280\" data-elementor-post-type=\"elementor_library\">\n\t\t\t\t<div class=\"elementor-element elementor-element-3598c15e e-flex e-con-boxed e-con e-parent\" data-id=\"3598c15e\" data-element_type=\"container\">\n\t\t\t\t\t<div class=\"e-con-inner\">\n\t\t\t\t<div class=\"elementor-element elementor-element-6c11ba42 elementor-widget elementor-widget-heading\" data-id=\"6c11ba42\" data-element_type=\"widget\" data-widget_type=\"heading.default\">\n\t\t\t\t<div class=\"elementor-widget-container\">\n\t\t\t\t\t<h2 class=\"elementor-heading-title elementor-size-default\">4. STEP<br>\nAMENITIES<\/h2>\t\t\t\t<\/div>\n\t\t\t\t<\/div>\n\t\t\t\t<div class=\"elementor-element elementor-element-577e3d4d elementor-widget elementor-widget-text-editor\" data-id=\"577e3d4d\" data-element_type=\"widget\" data-widget_type=\"text-editor.default\">\n\t\t\t\t<div class=\"elementor-widget-container\">\n\t\t\t\t\t\t\t\t\t<p>It's important for us to know what matters<br \/>most to you, so we can focus on it.<br \/>Please choose from the list.<\/p>\t\t\t\t\t\t\t\t<\/div>\n\t\t\t\t<\/div>\n\t\t\t\t\t<\/div>\n\t\t\t\t<\/div>\n\t\t\t\t<\/div>\n\t\t\n\t<\/p>\n\t<p class=\"izboropcija\">Selected <span id=\"count4\">0<\/span> out of a maximum of 3.\n\t<\/p>\n\t<p><span class=\"wpcf7-form-control-wrap\" data-name=\"korak4\"><span class=\"wpcf7-form-control wpcf7-checkbox wpcf7-validates-as-required step4 limit3\"><span class=\"wpcf7-list-item first\"><label><input type=\"checkbox\" name=\"korak4[]\" value=\"Foaje\" \/><span class=\"wpcf7-list-item-label\">Foyer<\/span><\/label><\/span><span class=\"wpcf7-list-item\"><label><input type=\"checkbox\" name=\"korak4[]\" value=\"Galerija\" \/><span class=\"wpcf7-list-item-label\">Gallery<\/span><\/label><\/span><span class=\"wpcf7-list-item\"><label><input type=\"checkbox\" name=\"korak4[]\" value=\"Ve\u0161ernica\" \/><span class=\"wpcf7-list-item-label\">Laundry<\/span><\/label><\/span><span class=\"wpcf7-list-item\"><label><input type=\"checkbox\" name=\"korak4[]\" value=\"Privatan park\" \/><span class=\"wpcf7-list-item-label\">Private park<\/span><\/label><\/span><span class=\"wpcf7-list-item\"><label><input type=\"checkbox\" name=\"korak4[]\" value=\"Zeleno dvori\u0161te\" \/><span class=\"wpcf7-list-item-label\">Green yard<\/span><\/label><\/span><span class=\"wpcf7-list-item last\"><label><input type=\"checkbox\" name=\"korak4[]\" value=\"Krovna ba\u0161ta\" \/><span class=\"wpcf7-list-item-label\">Roof garden<\/span><\/label><\/span><\/span><\/span>\n\t<\/p>\n<\/div>\n<div class=\"cf7-step\" data-step=\"5\">\n\t<p>\t\t<div data-elementor-type=\"container\" data-elementor-id=\"2283\" class=\"elementor elementor-2283\" data-elementor-post-type=\"elementor_library\">\n\t\t\t\t<div class=\"elementor-element elementor-element-5489ecf4 e-flex e-con-boxed e-con e-parent\" data-id=\"5489ecf4\" data-element_type=\"container\">\n\t\t\t\t\t<div class=\"e-con-inner\">\n\t\t\t\t<div class=\"elementor-element elementor-element-29f42ba5 elementor-widget elementor-widget-heading\" data-id=\"29f42ba5\" data-element_type=\"widget\" data-widget_type=\"heading.default\">\n\t\t\t\t<div class=\"elementor-widget-container\">\n\t\t\t\t\t<h2 class=\"elementor-heading-title elementor-size-default\">5. STEP<br>\nSYSTEMS<\/h2>\t\t\t\t<\/div>\n\t\t\t\t<\/div>\n\t\t\t\t<div class=\"elementor-element elementor-element-65443327 elementor-widget__width-initial elementor-widget elementor-widget-text-editor\" data-id=\"65443327\" data-element_type=\"widget\" data-widget_type=\"text-editor.default\">\n\t\t\t\t<div class=\"elementor-widget-container\">\n\t\t\t\t\t\t\t\t\t<p>We use the latest technology to provide you with safety, health, and comfort. <br \/>Which of the offered systems is <span style=\"text-decoration: underline;\">not<\/span> important to you?<\/p>\t\t\t\t\t\t\t\t<\/div>\n\t\t\t\t<\/div>\n\t\t\t\t\t<\/div>\n\t\t\t\t<\/div>\n\t\t\t\t<\/div>\n\t\t\n\t<\/p>\n\t<p class=\"izboropcija\">Selected <span id=\"count5\">0<\/span> out of a maximum of 3.\n\t<\/p>\n\t<p><span class=\"wpcf7-form-control-wrap\" data-name=\"korak5\"><span class=\"wpcf7-form-control wpcf7-checkbox wpcf7-validates-as-required step5 limit3\"><span class=\"wpcf7-list-item first\"><label><input type=\"checkbox\" name=\"korak5[]\" value=\"Smart Home\" \/><span class=\"wpcf7-list-item-label\">Smart Home<\/span><\/label><\/span><span class=\"wpcf7-list-item\"><label><input type=\"checkbox\" name=\"korak5[]\" value=\"Filteri za vodu\" \/><span class=\"wpcf7-list-item-label\">Water filters<\/span><\/label><\/span><span class=\"wpcf7-list-item\"><label><input type=\"checkbox\" name=\"korak5[]\" value=\"Automatsko zalivanje ba\u0161te\" \/><span class=\"wpcf7-list-item-label\">Self-watering garden<\/span><\/label><\/span><span class=\"wpcf7-list-item\"><label><input type=\"checkbox\" name=\"korak5[]\" value=\"Elektri\u010dni punja\u010di za automobile\" \/><span class=\"wpcf7-list-item-label\">Electric car chargers<\/span><\/label><\/span><span class=\"wpcf7-list-item\"><label><input type=\"checkbox\" name=\"korak5[]\" value=\"Bezbednosne kamere\" \/><span class=\"wpcf7-list-item-label\">Security cameras<\/span><\/label><\/span><span class=\"wpcf7-list-item last\"><label><input type=\"checkbox\" name=\"korak5[]\" value=\"Provetravanje hodnika\" \/><span class=\"wpcf7-list-item-label\">Ventilation of the hallway<\/span><\/label><\/span><\/span><\/span>\n\t<\/p>\n<\/div>\n<div class=\"cf7-step\" id=\"confirm-step\">\n\t<p><button type=\"button\" id=\"show-email-step\">I want an offer<\/button>\n\t<\/p>\n\t<p id=\"validation-error\" style=\"color: red; display: none;\">Please complete all previous steps.\n\t<\/p>\n<\/div>\n<div class=\"cf7-step hidden\" id=\"emailStep\">\n\t<p class=\"unesimail\" style=\"margin-top:80px;\">Enter your email to which we send you<br \/>\na personalized offer.\n\t<\/p>\n\t<p><span class=\"wpcf7-form-control-wrap\" data-name=\"email\"><input size=\"40\" maxlength=\"400\" class=\"wpcf7-form-control wpcf7-email wpcf7-validates-as-required wpcf7-text wpcf7-validates-as-email\" aria-required=\"true\" aria-invalid=\"false\" placeholder=\"Put your e-mail here.\" value=\"\" type=\"email\" name=\"email\" \/><\/span><br \/>\n<input class=\"wpcf7-form-control wpcf7-submit has-spinner\" type=\"submit\" value=\"Send request\" \/>\n\t<\/p>\n<\/div><div class=\"wpcf7-response-output\" aria-hidden=\"true\"><\/div>\n<input type=\"hidden\" name=\"trp-form-language\" value=\"en\"\/><\/form>\n<\/div>\n<\/div>\n\t\t\t\t\t\t<\/div>\n\t\t\t\t<\/div>\n\t\t\t\t\t<\/div>\n\t\t\t\t<\/div>\n\t\t\t\t<\/div>","protected":false},"excerpt":{"rendered":"<p>KONFIGURI\u0160I SVOJ DOM Za manje od minuta prilagodi\u0107e\u0161 dom sebi odgovorima na 5 jednostavnih pitanja. Na osnovu njih ti dajemo personalizovanu ponudu. 1. KORAK IZABERI TIP STANA Tip A je kompaktniji i dvori\u0161no orijentisandok je tip B na uli\u010dnom delu i pogodan za ve\u0107e porodice.<\/p>","protected":false},"author":1,"featured_media":0,"parent":0,"menu_order":0,"comment_status":"closed","ping_status":"closed","template":"","meta":{"footnotes":""},"class_list":["post-2232","page","type-page","status-publish","hentry"],"_links":{"self":[{"href":"https:\/\/argilloalbero.com\/en\/wp-json\/wp\/v2\/pages\/2232","targetHints":{"allow":["GET"]}}],"collection":[{"href":"https:\/\/argilloalbero.com\/en\/wp-json\/wp\/v2\/pages"}],"about":[{"href":"https:\/\/argilloalbero.com\/en\/wp-json\/wp\/v2\/types\/page"}],"author":[{"embeddable":true,"href":"https:\/\/argilloalbero.com\/en\/wp-json\/wp\/v2\/users\/1"}],"replies":[{"embeddable":true,"href":"https:\/\/argilloalbero.com\/en\/wp-json\/wp\/v2\/comments?post=2232"}],"version-history":[{"count":136,"href":"https:\/\/argilloalbero.com\/en\/wp-json\/wp\/v2\/pages\/2232\/revisions"}],"predecessor-version":[{"id":3995,"href":"https:\/\/argilloalbero.com\/en\/wp-json\/wp\/v2\/pages\/2232\/revisions\/3995"}],"wp:attachment":[{"href":"https:\/\/argilloalbero.com\/en\/wp-json\/wp\/v2\/media?parent=2232"}],"curies":[{"name":"wp","href":"https:\/\/api.w.org\/{rel}","templated":true}]}}