{"id":772,"date":"2025-04-30T14:03:06","date_gmt":"2025-04-30T13:03:06","guid":{"rendered":"https:\/\/argilloalbero.com\/?page_id=772"},"modified":"2025-05-28T07:23:57","modified_gmt":"2025-05-28T06:23:57","slug":"home","status":"publish","type":"page","link":"https:\/\/argilloalbero.com\/en\/","title":{"rendered":"Home"},"content":{"rendered":"<div data-elementor-type=\"wp-page\" data-elementor-id=\"772\" class=\"elementor elementor-772\" data-elementor-post-type=\"page\">\n\t\t\t\t<div class=\"elementor-element elementor-element-54b47ac e-con-full e-flex e-con e-parent\" data-id=\"54b47ac\" data-element_type=\"container\">\n\t\t\t\t<div class=\"elementor-element elementor-element-7006ca8 elementor-widget elementor-widget-image\" data-id=\"7006ca8\" data-element_type=\"widget\" data-widget_type=\"image.default\">\n\t\t\t\t<div class=\"elementor-widget-container\">\n\t\t\t\t\t\t\t\t\t\t\t\t\t\t\t<img fetchpriority=\"high\" decoding=\"async\" width=\"1600\" height=\"807\" src=\"https:\/\/argilloalbero.com\/wp-content\/uploads\/2025\/05\/Naslovna.webp\" class=\"attachment-full size-full wp-image-2363\" alt=\"\" srcset=\"https:\/\/argilloalbero.com\/wp-content\/uploads\/2025\/05\/Naslovna.webp 1600w, https:\/\/argilloalbero.com\/wp-content\/uploads\/2025\/05\/Naslovna-300x151.webp 300w, https:\/\/argilloalbero.com\/wp-content\/uploads\/2025\/05\/Naslovna-1024x516.webp 1024w, https:\/\/argilloalbero.com\/wp-content\/uploads\/2025\/05\/Naslovna-768x387.webp 768w, https:\/\/argilloalbero.com\/wp-content\/uploads\/2025\/05\/Naslovna-1536x775.webp 1536w\" sizes=\"(max-width: 1600px) 100vw, 1600px\" \/>\t\t\t\t\t\t\t\t\t\t\t\t\t\t\t<\/div>\n\t\t\t\t<\/div>\n\t\t<div class=\"elementor-element elementor-element-52f7103 e-con-full e-flex e-con e-child\" data-id=\"52f7103\" data-element_type=\"container\">\n\t\t\t\t<div class=\"elementor-element elementor-element-4e6c308 elementor-widget elementor-widget-heading\" data-id=\"4e6c308\" data-element_type=\"widget\" data-widget_type=\"heading.default\">\n\t\t\t\t<div class=\"elementor-widget-container\">\n\t\t\t\t\t<h2 class=\"elementor-heading-title elementor-size-default\"><a href=\"https:\/\/argilloalbero.com\/en\/vodna-6\/\">VODNA 6<\/a><\/h2>\t\t\t\t<\/div>\n\t\t\t\t<\/div>\n\t\t\t\t<div class=\"elementor-element elementor-element-5c4ec02 elementor-widget elementor-widget-heading\" data-id=\"5c4ec02\" data-element_type=\"widget\" data-widget_type=\"heading.default\">\n\t\t\t\t<div class=\"elementor-widget-container\">\n\t\t\t\t\t<h2 class=\"elementor-heading-title elementor-size-default\"><a href=\"https:\/\/argilloalbero.com\/en\/objekat\/\">OBJECT<\/a><\/h2>\t\t\t\t<\/div>\n\t\t\t\t<\/div>\n\t\t\t\t<div class=\"elementor-element elementor-element-48d98c1 elementor-widget elementor-widget-heading\" data-id=\"48d98c1\" data-element_type=\"widget\" data-widget_type=\"heading.default\">\n\t\t\t\t<div class=\"elementor-widget-container\">\n\t\t\t\t\t<h2 class=\"elementor-heading-title elementor-size-default\"><a href=\"https:\/\/argilloalbero.com\/en\/domovi\/\">HOMES<\/a><\/h2>\t\t\t\t<\/div>\n\t\t\t\t<\/div>\n\t\t\t\t<div class=\"elementor-element elementor-element-2f8277e elementor-widget elementor-widget-heading\" data-id=\"2f8277e\" data-element_type=\"widget\" data-widget_type=\"heading.default\">\n\t\t\t\t<div class=\"elementor-widget-container\">\n\t\t\t\t\t<h2 class=\"elementor-heading-title elementor-size-default\"><a href=\"https:\/\/argilloalbero.com\/en\/enterijer\/\">INTERIOR<\/a><\/h2>\t\t\t\t<\/div>\n\t\t\t\t<\/div>\n\t\t\t\t<\/div>\n\t\t\t\t<\/div>\n\t\t<div class=\"elementor-element elementor-element-e6c8f86 e-flex e-con-boxed e-con e-parent\" data-id=\"e6c8f86\" data-element_type=\"container\">\n\t\t\t\t\t<div class=\"e-con-inner\">\n\t\t\t\t<div class=\"elementor-element elementor-element-6d1d849 elementor-widget elementor-widget-heading\" data-id=\"6d1d849\" data-element_type=\"widget\" data-widget_type=\"heading.default\">\n\t\t\t\t<div class=\"elementor-widget-container\">\n\t\t\t\t\t<h2 class=\"elementor-heading-title elementor-size-default\">VODNA 6<\/h2>\t\t\t\t<\/div>\n\t\t\t\t<\/div>\n\t\t\t\t<div class=\"elementor-element elementor-element-fddeb91 elementor-widget elementor-widget-heading\" data-id=\"fddeb91\" data-element_type=\"widget\" data-widget_type=\"heading.default\">\n\t\t\t\t<div class=\"elementor-widget-container\">\n\t\t\t\t\t<h2 class=\"elementor-heading-title elementor-size-default\">SREMSKA MITROVICA<\/h2>\t\t\t\t<\/div>\n\t\t\t\t<\/div>\n\t\t\t\t<div class=\"elementor-element elementor-element-dc5ffaa elementor-align-center elementor-widget elementor-widget-button\" data-id=\"dc5ffaa\" data-element_type=\"widget\" data-widget_type=\"button.default\">\n\t\t\t\t<div class=\"elementor-widget-container\">\n\t\t\t\t\t\t\t\t\t<div class=\"elementor-button-wrapper\">\n\t\t\t\t\t<a class=\"elementor-button elementor-button-link elementor-size-sm\" href=\"https:\/\/argilloalbero.com\/en\/objekat\/\">\n\t\t\t\t\t\t<span class=\"elementor-button-content-wrapper\">\n\t\t\t\t\t\t\t\t\t<span class=\"elementor-button-text\">More about the object<\/span>\n\t\t\t\t\t<\/span>\n\t\t\t\t\t<\/a>\n\t\t\t\t<\/div>\n\t\t\t\t\t\t\t\t<\/div>\n\t\t\t\t<\/div>\n\t\t\t\t<div class=\"elementor-element elementor-element-0bfe897 elementor-widget elementor-widget-heading\" data-id=\"0bfe897\" data-element_type=\"widget\" data-widget_type=\"heading.default\">\n\t\t\t\t<div class=\"elementor-widget-container\">\n\t\t\t\t\t<h2 class=\"elementor-heading-title elementor-size-default\">HOME IN THE HEART<\/h2>\t\t\t\t<\/div>\n\t\t\t\t<\/div>\n\t\t\t\t<div class=\"elementor-element elementor-element-7d81e75 elementor-widget__width-initial elementor-widget elementor-widget-text-editor\" data-id=\"7d81e75\" data-element_type=\"widget\" data-widget_type=\"text-editor.default\">\n\t\t\t\t<div class=\"elementor-widget-container\">\n\t\t\t\t\t\t\t\t\tEverything you need,<br> \na step away from the center.\t\t\t\t\t\t\t\t<\/div>\n\t\t\t\t<\/div>\n\t\t\t\t<div class=\"elementor-element elementor-element-e2f5cec elementor-widget elementor-widget-heading\" data-id=\"e2f5cec\" data-element_type=\"widget\" data-widget_type=\"heading.default\">\n\t\t\t\t<div class=\"elementor-widget-container\">\n\t\t\t\t\t<h2 class=\"elementor-heading-title elementor-size-default\">LOCATION,<br>\nCOMFORT,<br>\nNATURE.<\/h2>\t\t\t\t<\/div>\n\t\t\t\t<\/div>\n\t\t\t\t<div class=\"elementor-element elementor-element-41521dc elementor-align-center elementor-widget elementor-widget-button\" data-id=\"41521dc\" data-element_type=\"widget\" data-widget_type=\"button.default\">\n\t\t\t\t<div class=\"elementor-widget-container\">\n\t\t\t\t\t\t\t\t\t<div class=\"elementor-button-wrapper\">\n\t\t\t\t\t<a class=\"elementor-button elementor-button-link elementor-size-sm\" href=\"https:\/\/argilloalbero.com\/en\/domovi\/\">\n\t\t\t\t\t\t<span class=\"elementor-button-content-wrapper\">\n\t\t\t\t\t\t\t\t\t<span class=\"elementor-button-text\">View apartments<\/span>\n\t\t\t\t\t<\/span>\n\t\t\t\t\t<\/a>\n\t\t\t\t<\/div>\n\t\t\t\t\t\t\t\t<\/div>\n\t\t\t\t<\/div>\n\t\t\t\t\t<\/div>\n\t\t\t\t<\/div>\n\t\t<div class=\"elementor-element elementor-element-36c3b6e e-flex e-con-boxed e-con e-parent\" data-id=\"36c3b6e\" data-element_type=\"container\">\n\t\t\t\t\t<div class=\"e-con-inner\">\n\t\t\t\t<div class=\"elementor-element elementor-element-833a67b elementor-widget elementor-widget-heading\" data-id=\"833a67b\" data-element_type=\"widget\" data-widget_type=\"heading.default\">\n\t\t\t\t<div class=\"elementor-widget-container\">\n\t\t\t\t\t<h2 class=\"elementor-heading-title elementor-size-default\">6 HOMES<\/h2>\t\t\t\t<\/div>\n\t\t\t\t<\/div>\n\t\t\t\t<div class=\"elementor-element elementor-element-98d29ba elementor-widget__width-initial elementor-widget elementor-widget-text-editor\" data-id=\"98d29ba\" data-element_type=\"widget\" data-widget_type=\"text-editor.default\">\n\t\t\t\t<div class=\"elementor-widget-container\">\n\t\t\t\t\t\t\t\t\t<p>Designed <br \/>and furnished <br \/>to the last detail.<\/p>\t\t\t\t\t\t\t\t<\/div>\n\t\t\t\t<\/div>\n\t\t\t\t<div class=\"elementor-element elementor-element-2431152 elementor-widget elementor-widget-heading\" data-id=\"2431152\" data-element_type=\"widget\" data-widget_type=\"heading.default\">\n\t\t\t\t<div class=\"elementor-widget-container\">\n\t\t\t\t\t<h2 class=\"elementor-heading-title elementor-size-default\">CUSTOM MADE.<\/h2>\t\t\t\t<\/div>\n\t\t\t\t<\/div>\n\t\t\t\t<div class=\"elementor-element elementor-element-c426344 elementor-align-center elementor-widget elementor-widget-button\" data-id=\"c426344\" data-element_type=\"widget\" data-widget_type=\"button.default\">\n\t\t\t\t<div class=\"elementor-widget-container\">\n\t\t\t\t\t\t\t\t\t<div class=\"elementor-button-wrapper\">\n\t\t\t\t\t<a class=\"elementor-button elementor-button-link elementor-size-sm\" href=\"https:\/\/argilloalbero.com\/en\/enterijer\/\">\n\t\t\t\t\t\t<span class=\"elementor-button-content-wrapper\">\n\t\t\t\t\t\t\t\t\t<span class=\"elementor-button-text\">See interiors<\/span>\n\t\t\t\t\t<\/span>\n\t\t\t\t\t<\/a>\n\t\t\t\t<\/div>\n\t\t\t\t\t\t\t\t<\/div>\n\t\t\t\t<\/div>\n\t\t\t\t\t<\/div>\n\t\t\t\t<\/div>\n\t\t<div class=\"elementor-element elementor-element-c1c26ae e-flex e-con-boxed e-con e-parent\" data-id=\"c1c26ae\" data-element_type=\"container\">\n\t\t\t\t\t<div class=\"e-con-inner\">\n\t\t\t\t<div class=\"elementor-element elementor-element-3d52060 elementor-widget elementor-widget-heading\" data-id=\"3d52060\" data-element_type=\"widget\" data-widget_type=\"heading.default\">\n\t\t\t\t<div class=\"elementor-widget-container\">\n\t\t\t\t\t<h2 class=\"elementor-heading-title elementor-size-default\">QUALITY<br>\nAND BEAUTY.<\/h2>\t\t\t\t<\/div>\n\t\t\t\t<\/div>\n\t\t\t\t<div class=\"elementor-element elementor-element-7506478 elementor-widget elementor-widget-image\" data-id=\"7506478\" data-element_type=\"widget\" data-widget_type=\"image.default\">\n\t\t\t\t<div class=\"elementor-widget-container\">\n\t\t\t\t\t\t\t\t\t\t\t\t\t\t\t<img decoding=\"async\" width=\"1181\" height=\"1181\" src=\"https:\/\/argilloalbero.com\/wp-content\/uploads\/2025\/05\/0-Baner-ent.webp\" class=\"attachment-full size-full wp-image-3534\" alt=\"\" srcset=\"https:\/\/argilloalbero.com\/wp-content\/uploads\/2025\/05\/0-Baner-ent.webp 1181w, https:\/\/argilloalbero.com\/wp-content\/uploads\/2025\/05\/0-Baner-ent-300x300.webp 300w, https:\/\/argilloalbero.com\/wp-content\/uploads\/2025\/05\/0-Baner-ent-1024x1024.webp 1024w, https:\/\/argilloalbero.com\/wp-content\/uploads\/2025\/05\/0-Baner-ent-150x150.webp 150w, https:\/\/argilloalbero.com\/wp-content\/uploads\/2025\/05\/0-Baner-ent-768x768.webp 768w, https:\/\/argilloalbero.com\/wp-content\/uploads\/2025\/05\/0-Baner-ent-12x12.webp 12w\" sizes=\"(max-width: 1181px) 100vw, 1181px\" \/>\t\t\t\t\t\t\t\t\t\t\t\t\t\t\t<\/div>\n\t\t\t\t<\/div>\n\t\t\t\t<div class=\"elementor-element elementor-element-b3eea7d elementor-widget elementor-widget-heading\" data-id=\"b3eea7d\" data-element_type=\"widget\" data-widget_type=\"heading.default\">\n\t\t\t\t<div class=\"elementor-widget-container\">\n\t\t\t\t\t<h2 class=\"elementor-heading-title elementor-size-default\">YOUR HOME.<\/h2>\t\t\t\t<\/div>\n\t\t\t\t<\/div>\n\t\t\t\t<div class=\"elementor-element elementor-element-429eb67 elementor-widget elementor-widget-heading\" data-id=\"429eb67\" data-element_type=\"widget\" data-widget_type=\"heading.default\">\n\t\t\t\t<div class=\"elementor-widget-container\">\n\t\t\t\t\t<h2 class=\"elementor-heading-title elementor-size-default\">VODNA 6<\/h2>\t\t\t\t<\/div>\n\t\t\t\t<\/div>\n\t\t\t\t<div class=\"elementor-element elementor-element-ec6649d elementor-align-center elementor-widget elementor-widget-button\" data-id=\"ec6649d\" data-element_type=\"widget\" data-widget_type=\"button.default\">\n\t\t\t\t<div class=\"elementor-widget-container\">\n\t\t\t\t\t\t\t\t\t<div class=\"elementor-button-wrapper\">\n\t\t\t\t\t<a class=\"elementor-button elementor-button-link elementor-size-sm\" href=\"https:\/\/argilloalbero.com\/en\/vodna-6\/\">\n\t\t\t\t\t\t<span class=\"elementor-button-content-wrapper\">\n\t\t\t\t\t\t\t\t\t<span class=\"elementor-button-text\">More about the concept<\/span>\n\t\t\t\t\t<\/span>\n\t\t\t\t\t<\/a>\n\t\t\t\t<\/div>\n\t\t\t\t\t\t\t\t<\/div>\n\t\t\t\t<\/div>\n\t\t\t\t\t<\/div>\n\t\t\t\t<\/div>\n\t\t\t\t<\/div>","protected":false},"excerpt":{"rendered":"<p>VODNA 6 OBJEKAT DOMOVI ENTERIJER VODNA 6 SREMSKA MITROVICA Vi\u0161e o objektu DOM U SRCU Sve \u0161to ti treba, na korak do centra. LOKACIJA, UDOBNOST, PRIRODA. Pogledaj stanove 6 DOMOVA Dizajniranih i name\u0161tenih do detalja. SKROJENI PO MERI. Vidi enterijere KVALITET I LEPOTA. TVOJ DOM. VODNA 6 Vi\u0161e o konceptu<\/p>","protected":false},"author":1,"featured_media":0,"parent":0,"menu_order":0,"comment_status":"closed","ping_status":"closed","template":"","meta":{"footnotes":""},"class_list":["post-772","page","type-page","status-publish","hentry"],"_links":{"self":[{"href":"https:\/\/argilloalbero.com\/en\/wp-json\/wp\/v2\/pages\/772","targetHints":{"allow":["GET"]}}],"collection":[{"href":"https:\/\/argilloalbero.com\/en\/wp-json\/wp\/v2\/pages"}],"about":[{"href":"https:\/\/argilloalbero.com\/en\/wp-json\/wp\/v2\/types\/page"}],"author":[{"embeddable":true,"href":"https:\/\/argilloalbero.com\/en\/wp-json\/wp\/v2\/users\/1"}],"replies":[{"embeddable":true,"href":"https:\/\/argilloalbero.com\/en\/wp-json\/wp\/v2\/comments?post=772"}],"version-history":[{"count":70,"href":"https:\/\/argilloalbero.com\/en\/wp-json\/wp\/v2\/pages\/772\/revisions"}],"predecessor-version":[{"id":4028,"href":"https:\/\/argilloalbero.com\/en\/wp-json\/wp\/v2\/pages\/772\/revisions\/4028"}],"wp:attachment":[{"href":"https:\/\/argilloalbero.com\/en\/wp-json\/wp\/v2\/media?parent=772"}],"curies":[{"name":"wp","href":"https:\/\/api.w.org\/{rel}","templated":true}]}}