{"id":842,"date":"2025-05-05T11:03:18","date_gmt":"2025-05-05T10:03:18","guid":{"rendered":"https:\/\/argilloalbero.com\/?page_id=842"},"modified":"2025-05-15T09:34:47","modified_gmt":"2025-05-15T08:34:47","slug":"sistemi","status":"publish","type":"page","link":"https:\/\/argilloalbero.com\/en\/sistemi\/","title":{"rendered":"Sistemi"},"content":{"rendered":"<div data-elementor-type=\"wp-page\" data-elementor-id=\"842\" class=\"elementor elementor-842\" data-elementor-post-type=\"page\">\n\t\t\t\t<div class=\"elementor-element elementor-element-95dc2de e-flex e-con-boxed e-con e-parent\" data-id=\"95dc2de\" data-element_type=\"container\" id=\"top\" data-settings=\"{&quot;background_background&quot;:&quot;classic&quot;}\">\n\t\t\t\t\t<div class=\"e-con-inner\">\n\t\t\t\t<div class=\"elementor-element elementor-element-8a3a3be elementor-widget elementor-widget-heading\" data-id=\"8a3a3be\" data-element_type=\"widget\" data-widget_type=\"heading.default\">\n\t\t\t\t<div class=\"elementor-widget-container\">\n\t\t\t\t\t<h2 class=\"elementor-heading-title elementor-size-default\">PRACTICAL, <br>MODERN<\/h2>\t\t\t\t<\/div>\n\t\t\t\t<\/div>\n\t\t\t\t<div class=\"elementor-element elementor-element-55cfc7f elementor-widget elementor-widget-text-editor\" data-id=\"55cfc7f\" data-element_type=\"widget\" data-widget_type=\"text-editor.default\">\n\t\t\t\t<div class=\"elementor-widget-container\">\n\t\t\t\t\t\t\t\t\t<p>Care for every detail<br \/>and the latest technologies<br \/>in order to ensure safety,<br \/>comfort, beauty and functionality.<\/p>\t\t\t\t\t\t\t\t<\/div>\n\t\t\t\t<\/div>\n\t\t\t\t<div class=\"elementor-element elementor-element-425e9a5 elementor-widget elementor-widget-heading\" data-id=\"425e9a5\" data-element_type=\"widget\" data-widget_type=\"heading.default\">\n\t\t\t\t<div class=\"elementor-widget-container\">\n\t\t\t\t\t<h2 class=\"elementor-heading-title elementor-size-default\">CAREFULLY DEVELOPED OBJECT.<\/h2>\t\t\t\t<\/div>\n\t\t\t\t<\/div>\n\t\t\t\t<div class=\"elementor-element elementor-element-9b749a9 elementor-align-center elementor-widget elementor-widget-button\" data-id=\"9b749a9\" data-element_type=\"widget\" data-widget_type=\"button.default\">\n\t\t\t\t<div class=\"elementor-widget-container\">\n\t\t\t\t\t\t\t\t\t<div class=\"elementor-button-wrapper\">\n\t\t\t\t\t<a class=\"elementor-button elementor-button-link elementor-size-sm\" href=\"https:\/\/argilloalbero.com\/en\/domovi\/\">\n\t\t\t\t\t\t<span class=\"elementor-button-content-wrapper\">\n\t\t\t\t\t\t\t\t\t<span class=\"elementor-button-text\">Choose a home<\/span>\n\t\t\t\t\t<\/span>\n\t\t\t\t\t<\/a>\n\t\t\t\t<\/div>\n\t\t\t\t\t\t\t\t<\/div>\n\t\t\t\t<\/div>\n\t\t\t\t\t<\/div>\n\t\t\t\t<\/div>\n\t\t<div class=\"elementor-element elementor-element-ca6b688 e-flex e-con-boxed e-con e-parent\" data-id=\"ca6b688\" data-element_type=\"container\">\n\t\t\t\t\t<div class=\"e-con-inner\">\n\t\t\t\t<div class=\"elementor-element elementor-element-7882040 elementor-widget elementor-widget-heading\" data-id=\"7882040\" data-element_type=\"widget\" data-widget_type=\"heading.default\">\n\t\t\t\t<div class=\"elementor-widget-container\">\n\t\t\t\t\t<h2 class=\"elementor-heading-title elementor-size-default\">SMART SYSTEMS<\/h2>\t\t\t\t<\/div>\n\t\t\t\t<\/div>\n\t\t\t\t\t<\/div>\n\t\t\t\t<\/div>\n\t\t<div class=\"elementor-element elementor-element-693a0c4 e-flex e-con-boxed e-con e-parent\" data-id=\"693a0c4\" data-element_type=\"container\">\n\t\t\t\t\t<div class=\"e-con-inner\">\n\t\t\t\t<div class=\"elementor-element elementor-element-8595785 elementor-widget elementor-widget-image\" data-id=\"8595785\" data-element_type=\"widget\" data-widget_type=\"image.default\">\n\t\t\t\t<div class=\"elementor-widget-container\">\n\t\t\t\t\t\t\t\t\t\t\t\t\t\t\t<img fetchpriority=\"high\" decoding=\"async\" width=\"512\" height=\"512\" src=\"https:\/\/argilloalbero.com\/wp-content\/uploads\/2025\/05\/air-pump.webp\" class=\"attachment-large size-large wp-image-870\" alt=\"\" srcset=\"https:\/\/argilloalbero.com\/wp-content\/uploads\/2025\/05\/air-pump.webp 512w, https:\/\/argilloalbero.com\/wp-content\/uploads\/2025\/05\/air-pump-300x300.webp 300w, https:\/\/argilloalbero.com\/wp-content\/uploads\/2025\/05\/air-pump-150x150.webp 150w\" sizes=\"(max-width: 512px) 100vw, 512px\" \/>\t\t\t\t\t\t\t\t\t\t\t\t\t\t\t<\/div>\n\t\t\t\t<\/div>\n\t\t\t\t<div class=\"elementor-element elementor-element-4420641 elementor-widget elementor-widget-heading\" data-id=\"4420641\" data-element_type=\"widget\" data-widget_type=\"heading.default\">\n\t\t\t\t<div class=\"elementor-widget-container\">\n\t\t\t\t\t<h2 class=\"elementor-heading-title elementor-size-default\">HEAT PUMPS<\/h2>\t\t\t\t<\/div>\n\t\t\t\t<\/div>\n\t\t\t\t<div class=\"elementor-element elementor-element-b772a8e elementor-widget__width-initial elementor-widget elementor-widget-text-editor\" data-id=\"b772a8e\" data-element_type=\"widget\" data-widget_type=\"text-editor.default\">\n\t\t\t\t<div class=\"elementor-widget-container\">\n\t\t\t\t\t\t\t\t\t<p>Below ground in the yard of the facility is installed a system of water\/air pumps \u2013 the most efficient temperature regulation.<\/p>\t\t\t\t\t\t\t\t<\/div>\n\t\t\t\t<\/div>\n\t\t\t\t\t<\/div>\n\t\t\t\t<\/div>\n\t\t<div class=\"elementor-element elementor-element-9565b13 e-flex e-con-boxed e-con e-parent\" data-id=\"9565b13\" data-element_type=\"container\">\n\t\t\t\t\t<div class=\"e-con-inner\">\n\t\t\t\t<div class=\"elementor-element elementor-element-e56792f elementor-widget elementor-widget-image\" data-id=\"e56792f\" data-element_type=\"widget\" data-widget_type=\"image.default\">\n\t\t\t\t<div class=\"elementor-widget-container\">\n\t\t\t\t\t\t\t\t\t\t\t\t\t\t\t<img decoding=\"async\" width=\"512\" height=\"512\" src=\"https:\/\/argilloalbero.com\/wp-content\/uploads\/2025\/05\/element.webp\" class=\"attachment-large size-large wp-image-872\" alt=\"\" srcset=\"https:\/\/argilloalbero.com\/wp-content\/uploads\/2025\/05\/element.webp 512w, https:\/\/argilloalbero.com\/wp-content\/uploads\/2025\/05\/element-300x300.webp 300w, https:\/\/argilloalbero.com\/wp-content\/uploads\/2025\/05\/element-150x150.webp 150w\" sizes=\"(max-width: 512px) 100vw, 512px\" \/>\t\t\t\t\t\t\t\t\t\t\t\t\t\t\t<\/div>\n\t\t\t\t<\/div>\n\t\t\t\t<div class=\"elementor-element elementor-element-b149678 elementor-widget elementor-widget-heading\" data-id=\"b149678\" data-element_type=\"widget\" data-widget_type=\"heading.default\">\n\t\t\t\t<div class=\"elementor-widget-container\">\n\t\t\t\t\t<h2 class=\"elementor-heading-title elementor-size-default\">UNDERFLOOR HEATING<\/h2>\t\t\t\t<\/div>\n\t\t\t\t<\/div>\n\t\t\t\t<div class=\"elementor-element elementor-element-1f70529 elementor-widget__width-initial elementor-widget elementor-widget-text-editor\" data-id=\"1f70529\" data-element_type=\"widget\" data-widget_type=\"text-editor.default\">\n\t\t\t\t<div class=\"elementor-widget-container\">\n\t\t\t\t\t\t\t\t\t<p>Distributed over the entire surface of the space, designed to work at a lower temperature, it guarantees health, comfort and profitability.<\/p>\t\t\t\t\t\t\t\t<\/div>\n\t\t\t\t<\/div>\n\t\t\t\t\t<\/div>\n\t\t\t\t<\/div>\n\t\t<div class=\"elementor-element elementor-element-6c342f9 e-flex e-con-boxed e-con e-parent\" data-id=\"6c342f9\" data-element_type=\"container\">\n\t\t\t\t\t<div class=\"e-con-inner\">\n\t\t\t\t<div class=\"elementor-element elementor-element-4b12293 elementor-widget elementor-widget-image\" data-id=\"4b12293\" data-element_type=\"widget\" data-widget_type=\"image.default\">\n\t\t\t\t<div class=\"elementor-widget-container\">\n\t\t\t\t\t\t\t\t\t\t\t\t\t\t\t<img decoding=\"async\" width=\"512\" height=\"512\" src=\"https:\/\/argilloalbero.com\/wp-content\/uploads\/2025\/05\/forecast.webp\" class=\"attachment-large size-large wp-image-873\" alt=\"\" srcset=\"https:\/\/argilloalbero.com\/wp-content\/uploads\/2025\/05\/forecast.webp 512w, https:\/\/argilloalbero.com\/wp-content\/uploads\/2025\/05\/forecast-300x300.webp 300w, https:\/\/argilloalbero.com\/wp-content\/uploads\/2025\/05\/forecast-150x150.webp 150w\" sizes=\"(max-width: 512px) 100vw, 512px\" \/>\t\t\t\t\t\t\t\t\t\t\t\t\t\t\t<\/div>\n\t\t\t\t<\/div>\n\t\t\t\t<div class=\"elementor-element elementor-element-1c73587 elementor-widget elementor-widget-heading\" data-id=\"1c73587\" data-element_type=\"widget\" data-widget_type=\"heading.default\">\n\t\t\t\t<div class=\"elementor-widget-container\">\n\t\t\t\t\t<h2 class=\"elementor-heading-title elementor-size-default\">HOT WATER<\/h2>\t\t\t\t<\/div>\n\t\t\t\t<\/div>\n\t\t\t\t<div class=\"elementor-element elementor-element-a841f5f elementor-widget__width-initial elementor-widget elementor-widget-text-editor\" data-id=\"a841f5f\" data-element_type=\"widget\" data-widget_type=\"text-editor.default\">\n\t\t\t\t<div class=\"elementor-widget-container\">\n\t\t\t\t\t\t\t\t\t<p>Additional water heating, if needed, is done through the central electric boiler.<\/p>\t\t\t\t\t\t\t\t<\/div>\n\t\t\t\t<\/div>\n\t\t\t\t\t<\/div>\n\t\t\t\t<\/div>\n\t\t<div class=\"elementor-element elementor-element-3a49d3f e-flex e-con-boxed e-con e-parent\" data-id=\"3a49d3f\" data-element_type=\"container\">\n\t\t\t\t\t<div class=\"e-con-inner\">\n\t\t\t\t<div class=\"elementor-element elementor-element-4482d42 elementor-widget elementor-widget-image\" data-id=\"4482d42\" data-element_type=\"widget\" data-widget_type=\"image.default\">\n\t\t\t\t<div class=\"elementor-widget-container\">\n\t\t\t\t\t\t\t\t\t\t\t\t\t\t\t<img loading=\"lazy\" decoding=\"async\" width=\"512\" height=\"512\" src=\"https:\/\/argilloalbero.com\/wp-content\/uploads\/2025\/05\/evaporator.webp\" class=\"attachment-large size-large wp-image-871\" alt=\"\" srcset=\"https:\/\/argilloalbero.com\/wp-content\/uploads\/2025\/05\/evaporator.webp 512w, https:\/\/argilloalbero.com\/wp-content\/uploads\/2025\/05\/evaporator-300x300.webp 300w, https:\/\/argilloalbero.com\/wp-content\/uploads\/2025\/05\/evaporator-150x150.webp 150w\" sizes=\"(max-width: 512px) 100vw, 512px\" \/>\t\t\t\t\t\t\t\t\t\t\t\t\t\t\t<\/div>\n\t\t\t\t<\/div>\n\t\t\t\t<div class=\"elementor-element elementor-element-afb9a1a elementor-widget elementor-widget-heading\" data-id=\"afb9a1a\" data-element_type=\"widget\" data-widget_type=\"heading.default\">\n\t\t\t\t<div class=\"elementor-widget-container\">\n\t\t\t\t\t<h2 class=\"elementor-heading-title elementor-size-default\">COOLING IN SUMMER<\/h2>\t\t\t\t<\/div>\n\t\t\t\t<\/div>\n\t\t\t\t<div class=\"elementor-element elementor-element-ec11480 elementor-widget__width-initial elementor-widget elementor-widget-text-editor\" data-id=\"ec11480\" data-element_type=\"widget\" data-widget_type=\"text-editor.default\">\n\t\t\t\t<div class=\"elementor-widget-container\">\n\t\t\t\t\t\t\t\t\t<p>The heat pump system cools the building during the summer, without noise and direct flow of cold air - healthier and more efficient.<\/p>\t\t\t\t\t\t\t\t<\/div>\n\t\t\t\t<\/div>\n\t\t\t\t\t<\/div>\n\t\t\t\t<\/div>\n\t\t<div class=\"elementor-element elementor-element-0c0601c e-flex e-con-boxed e-con e-parent\" data-id=\"0c0601c\" data-element_type=\"container\">\n\t\t\t\t\t<div class=\"e-con-inner\">\n\t\t\t\t<div class=\"elementor-element elementor-element-40a1a29 elementor-widget elementor-widget-image\" data-id=\"40a1a29\" data-element_type=\"widget\" data-widget_type=\"image.default\">\n\t\t\t\t<div class=\"elementor-widget-container\">\n\t\t\t\t\t\t\t\t\t\t\t\t\t\t\t<img loading=\"lazy\" decoding=\"async\" width=\"512\" height=\"512\" src=\"https:\/\/argilloalbero.com\/wp-content\/uploads\/2025\/05\/home-automation.webp\" class=\"attachment-large size-large wp-image-874\" alt=\"\" srcset=\"https:\/\/argilloalbero.com\/wp-content\/uploads\/2025\/05\/home-automation.webp 512w, https:\/\/argilloalbero.com\/wp-content\/uploads\/2025\/05\/home-automation-300x300.webp 300w, https:\/\/argilloalbero.com\/wp-content\/uploads\/2025\/05\/home-automation-150x150.webp 150w\" sizes=\"(max-width: 512px) 100vw, 512px\" \/>\t\t\t\t\t\t\t\t\t\t\t\t\t\t\t<\/div>\n\t\t\t\t<\/div>\n\t\t\t\t<div class=\"elementor-element elementor-element-f1d22d7 elementor-widget elementor-widget-heading\" data-id=\"f1d22d7\" data-element_type=\"widget\" data-widget_type=\"heading.default\">\n\t\t\t\t<div class=\"elementor-widget-container\">\n\t\t\t\t\t<h2 class=\"elementor-heading-title elementor-size-default\">SMART HOME<\/h2>\t\t\t\t<\/div>\n\t\t\t\t<\/div>\n\t\t\t\t<div class=\"elementor-element elementor-element-cd8d66f elementor-widget__width-initial elementor-widget elementor-widget-text-editor\" data-id=\"cd8d66f\" data-element_type=\"widget\" data-widget_type=\"text-editor.default\">\n\t\t\t\t<div class=\"elementor-widget-container\">\n\t\t\t\t\t\t\t\t\t<p>Lighting, the position of the blinds, the temperature of the rooms \u2013 everything is controlled remotely, via telephone.<\/p>\t\t\t\t\t\t\t\t<\/div>\n\t\t\t\t<\/div>\n\t\t\t\t\t<\/div>\n\t\t\t\t<\/div>\n\t\t<div class=\"elementor-element elementor-element-7df1f65 e-flex e-con-boxed e-con e-parent\" data-id=\"7df1f65\" data-element_type=\"container\">\n\t\t\t\t\t<div class=\"e-con-inner\">\n\t\t\t\t<div class=\"elementor-element elementor-element-3f4fcfb elementor-widget elementor-widget-image\" data-id=\"3f4fcfb\" data-element_type=\"widget\" data-widget_type=\"image.default\">\n\t\t\t\t<div class=\"elementor-widget-container\">\n\t\t\t\t\t\t\t\t\t\t\t\t\t\t\t<img loading=\"lazy\" decoding=\"async\" width=\"512\" height=\"512\" src=\"https:\/\/argilloalbero.com\/wp-content\/uploads\/2025\/05\/filters.webp\" class=\"attachment-large size-large wp-image-875\" alt=\"\" srcset=\"https:\/\/argilloalbero.com\/wp-content\/uploads\/2025\/05\/filters.webp 512w, https:\/\/argilloalbero.com\/wp-content\/uploads\/2025\/05\/filters-300x300.webp 300w, https:\/\/argilloalbero.com\/wp-content\/uploads\/2025\/05\/filters-150x150.webp 150w\" sizes=\"(max-width: 512px) 100vw, 512px\" \/>\t\t\t\t\t\t\t\t\t\t\t\t\t\t\t<\/div>\n\t\t\t\t<\/div>\n\t\t\t\t<div class=\"elementor-element elementor-element-ead43d5 elementor-widget elementor-widget-heading\" data-id=\"ead43d5\" data-element_type=\"widget\" data-widget_type=\"heading.default\">\n\t\t\t\t<div class=\"elementor-widget-container\">\n\t\t\t\t\t<h2 class=\"elementor-heading-title elementor-size-default\">WATER FILTERS<\/h2>\t\t\t\t<\/div>\n\t\t\t\t<\/div>\n\t\t\t\t<div class=\"elementor-element elementor-element-844032a elementor-widget__width-initial elementor-widget elementor-widget-text-editor\" data-id=\"844032a\" data-element_type=\"widget\" data-widget_type=\"text-editor.default\">\n\t\t\t\t<div class=\"elementor-widget-container\">\n\t\t\t\t\t\t\t\t\t<p>For guaranteed water quality, regardless of the city system, additional filters are pre-installed.<\/p>\t\t\t\t\t\t\t\t<\/div>\n\t\t\t\t<\/div>\n\t\t\t\t\t<\/div>\n\t\t\t\t<\/div>\n\t\t<div class=\"elementor-element elementor-element-a3857f1 e-flex e-con-boxed e-con e-parent\" data-id=\"a3857f1\" data-element_type=\"container\">\n\t\t\t\t\t<div class=\"e-con-inner\">\n\t\t\t\t<div class=\"elementor-element elementor-element-ef86fdc elementor-widget elementor-widget-image\" data-id=\"ef86fdc\" data-element_type=\"widget\" data-widget_type=\"image.default\">\n\t\t\t\t<div class=\"elementor-widget-container\">\n\t\t\t\t\t\t\t\t\t\t\t\t\t\t\t<img loading=\"lazy\" decoding=\"async\" width=\"512\" height=\"512\" src=\"https:\/\/argilloalbero.com\/wp-content\/uploads\/2025\/05\/watering-plants.webp\" class=\"attachment-large size-large wp-image-876\" alt=\"\" srcset=\"https:\/\/argilloalbero.com\/wp-content\/uploads\/2025\/05\/watering-plants.webp 512w, https:\/\/argilloalbero.com\/wp-content\/uploads\/2025\/05\/watering-plants-300x300.webp 300w, https:\/\/argilloalbero.com\/wp-content\/uploads\/2025\/05\/watering-plants-150x150.webp 150w\" sizes=\"(max-width: 512px) 100vw, 512px\" \/>\t\t\t\t\t\t\t\t\t\t\t\t\t\t\t<\/div>\n\t\t\t\t<\/div>\n\t\t\t\t<div class=\"elementor-element elementor-element-147fdcb elementor-widget elementor-widget-heading\" data-id=\"147fdcb\" data-element_type=\"widget\" data-widget_type=\"heading.default\">\n\t\t\t\t<div class=\"elementor-widget-container\">\n\t\t\t\t\t<h2 class=\"elementor-heading-title elementor-size-default\">WATERING<\/h2>\t\t\t\t<\/div>\n\t\t\t\t<\/div>\n\t\t\t\t<div class=\"elementor-element elementor-element-2f476fa elementor-widget__width-initial elementor-widget elementor-widget-text-editor\" data-id=\"2f476fa\" data-element_type=\"widget\" data-widget_type=\"text-editor.default\">\n\t\t\t\t<div class=\"elementor-widget-container\">\n\t\t\t\t\t\t\t\t\t<p>The entire greenery is watered with collected rainwater, completely independently, through a smart collection and distribution system.<\/p>\t\t\t\t\t\t\t\t<\/div>\n\t\t\t\t<\/div>\n\t\t\t\t\t<\/div>\n\t\t\t\t<\/div>\n\t\t<div class=\"elementor-element elementor-element-e960031 e-flex e-con-boxed e-con e-parent\" data-id=\"e960031\" data-element_type=\"container\">\n\t\t\t\t\t<div class=\"e-con-inner\">\n\t\t\t\t<div class=\"elementor-element elementor-element-548e922 elementor-widget elementor-widget-image\" data-id=\"548e922\" data-element_type=\"widget\" data-widget_type=\"image.default\">\n\t\t\t\t<div class=\"elementor-widget-container\">\n\t\t\t\t\t\t\t\t\t\t\t\t\t\t\t<img loading=\"lazy\" decoding=\"async\" width=\"512\" height=\"512\" src=\"https:\/\/argilloalbero.com\/wp-content\/uploads\/2025\/05\/car.webp\" class=\"attachment-large size-large wp-image-877\" alt=\"\" srcset=\"https:\/\/argilloalbero.com\/wp-content\/uploads\/2025\/05\/car.webp 512w, https:\/\/argilloalbero.com\/wp-content\/uploads\/2025\/05\/car-300x300.webp 300w, https:\/\/argilloalbero.com\/wp-content\/uploads\/2025\/05\/car-150x150.webp 150w\" sizes=\"(max-width: 512px) 100vw, 512px\" \/>\t\t\t\t\t\t\t\t\t\t\t\t\t\t\t<\/div>\n\t\t\t\t<\/div>\n\t\t\t\t<div class=\"elementor-element elementor-element-464a93f elementor-widget elementor-widget-heading\" data-id=\"464a93f\" data-element_type=\"widget\" data-widget_type=\"heading.default\">\n\t\t\t\t<div class=\"elementor-widget-container\">\n\t\t\t\t\t<h2 class=\"elementor-heading-title elementor-size-default\">ELECTRIC CHARGERS<\/h2>\t\t\t\t<\/div>\n\t\t\t\t<\/div>\n\t\t\t\t<div class=\"elementor-element elementor-element-34e5744 elementor-widget__width-initial elementor-widget elementor-widget-text-editor\" data-id=\"34e5744\" data-element_type=\"widget\" data-widget_type=\"text-editor.default\">\n\t\t\t\t<div class=\"elementor-widget-container\">\n\t\t\t\t\t\t\t\t\t<p>Electric vehicle chargers are available to all tenants in the garages.<\/p>\t\t\t\t\t\t\t\t<\/div>\n\t\t\t\t<\/div>\n\t\t\t\t\t<\/div>\n\t\t\t\t<\/div>\n\t\t<div class=\"elementor-element elementor-element-bfe13a7 e-flex e-con-boxed e-con e-parent\" data-id=\"bfe13a7\" data-element_type=\"container\">\n\t\t\t\t\t<div class=\"e-con-inner\">\n\t\t\t\t<div class=\"elementor-element elementor-element-c2646bd elementor-align-center elementor-widget elementor-widget-button\" data-id=\"c2646bd\" data-element_type=\"widget\" data-widget_type=\"button.default\">\n\t\t\t\t<div class=\"elementor-widget-container\">\n\t\t\t\t\t\t\t\t\t<div class=\"elementor-button-wrapper\">\n\t\t\t\t\t<a class=\"elementor-button elementor-button-link elementor-size-sm\" href=\"https:\/\/argilloalbero.com\/en\/kontakt\/\">\n\t\t\t\t\t\t<span class=\"elementor-button-content-wrapper\">\n\t\t\t\t\t\t\t\t\t<span class=\"elementor-button-text\">Ask more<\/span>\n\t\t\t\t\t<\/span>\n\t\t\t\t\t<\/a>\n\t\t\t\t<\/div>\n\t\t\t\t\t\t\t\t<\/div>\n\t\t\t\t<\/div>\n\t\t\t\t\t<\/div>\n\t\t\t\t<\/div>\n\t\t\t\t<\/div>","protected":false},"excerpt":{"rendered":"<p>PRAKTI\u010cNO, MODERNO Briga o svakom detaljui najnovije tehnologijeda bi se obezbedili sigurnost,udobnost, lepota i funkcionalnost. PA\u017dLJIVO RAZVIJEN OBJEKAT. Izaberi dom PAMETNI SISTEMI TOPLOTNE PUMPE Ispod zemlje u dvori\u0161tu objekta instaliran je sistem pumpi voda\/vazduh &#8211; najefikasnija regulacija temperature. PODNO GREJANJE Raspore\u0111en celom povr\u0161inom prostora, projektovan za rad na ni\u017eoj temperaturi, garantuje zdravlje, udobnost i isplativost. [&hellip;]<\/p>","protected":false},"author":1,"featured_media":0,"parent":0,"menu_order":0,"comment_status":"closed","ping_status":"closed","template":"","meta":{"footnotes":""},"class_list":["post-842","page","type-page","status-publish","hentry"],"_links":{"self":[{"href":"https:\/\/argilloalbero.com\/en\/wp-json\/wp\/v2\/pages\/842","targetHints":{"allow":["GET"]}}],"collection":[{"href":"https:\/\/argilloalbero.com\/en\/wp-json\/wp\/v2\/pages"}],"about":[{"href":"https:\/\/argilloalbero.com\/en\/wp-json\/wp\/v2\/types\/page"}],"author":[{"embeddable":true,"href":"https:\/\/argilloalbero.com\/en\/wp-json\/wp\/v2\/users\/1"}],"replies":[{"embeddable":true,"href":"https:\/\/argilloalbero.com\/en\/wp-json\/wp\/v2\/comments?post=842"}],"version-history":[{"count":37,"href":"https:\/\/argilloalbero.com\/en\/wp-json\/wp\/v2\/pages\/842\/revisions"}],"predecessor-version":[{"id":3466,"href":"https:\/\/argilloalbero.com\/en\/wp-json\/wp\/v2\/pages\/842\/revisions\/3466"}],"wp:attachment":[{"href":"https:\/\/argilloalbero.com\/en\/wp-json\/wp\/v2\/media?parent=842"}],"curies":[{"name":"wp","href":"https:\/\/api.w.org\/{rel}","templated":true}]}}